{"id":5778,"date":"2022-02-21T04:28:21","date_gmt":"2022-02-21T04:28:21","guid":{"rendered":"https:\/\/vgoprime.com\/?page_id=5778"},"modified":"2023-05-26T03:24:06","modified_gmt":"2023-05-26T03:24:06","slug":"nos-partenaires","status":"publish","type":"page","link":"https:\/\/vgoprime.com\/en\/nos-partenaires\/","title":{"rendered":"OUR PARTNERS"},"content":{"rendered":"<div data-elementor-type=\"wp-page\" data-elementor-id=\"5778\" class=\"elementor elementor-5778\" data-elementor-settings=\"[]\">\n\t\t\t\t\t\t\t<div class=\"elementor-section-wrap\">\n\t\t\t\t\t        <section class=\"elementor-section elementor-top-section elementor-element elementor-element-c82bdb8 elementor-section-boxed elementor-section-height-default elementor-section-height-default\" data-id=\"c82bdb8\" data-element_type=\"section\">\n            \n                        <div class=\"elementor-container elementor-column-gap-wider\">\n                    <div class=\"elementor-column elementor-col-100 elementor-top-column elementor-element elementor-element-8c4d127\" data-id=\"8c4d127\" data-element_type=\"column\">\n            <div class=\"elementor-widget-wrap elementor-element-populated\">\n                        \t\t<div class=\"elementor-element elementor-element-2c5cf13 elementor-widget elementor-widget-text-editor\" data-id=\"2c5cf13\" data-element_type=\"widget\" data-widget_type=\"text-editor.default\">\n\t\t\t\t<div class=\"elementor-widget-container\">\n\t\t\t\t\t\t\t<h4 class=\"subtitle faux-grey aos-init aos-animate\" data-aos=\"fade-up\" data-aos-delay=\"50\"><span style=\"color: #000000;\">Some of the customers we have worked with<\/span><\/h4><h2 class=\"title blue aos-init aos-animate\" style=\"text-align: center;\" data-aos=\"fade-up\" data-aos-delay=\"100\"><span style=\"color: #ff0000;\">Lasting bonds of trust<\/span><\/h2>\t\t\t\t\t\t<\/div>\n\t\t\t\t<\/div>\n\t\t            <\/div>\n        <\/div>\n                            <\/div>\n        <\/section>\n                <section class=\"elementor-section elementor-top-section elementor-element elementor-element-9243458 elementor-section-boxed elementor-section-height-default elementor-section-height-default\" data-id=\"9243458\" data-element_type=\"section\">\n            \n                        <div class=\"elementor-container elementor-column-gap-wider\">\n                    <div class=\"elementor-column elementor-col-100 elementor-top-column elementor-element elementor-element-6a2a16a\" data-id=\"6a2a16a\" data-element_type=\"column\">\n            <div class=\"elementor-widget-wrap elementor-element-populated\">\n                        \t\t<div class=\"elementor-element elementor-element-a00726b elementor-widget elementor-widget-ct_clients_list\" data-id=\"a00726b\" data-element_type=\"widget\" data-widget_type=\"ct_clients_list.default\">\n\t\t\t\t<div class=\"elementor-widget-container\">\n\t\t\t    <div class=\"ct-client1 ct-slick-slider style3\">\r\n        <div class=\"ct-clients-list-inner\">\r\n            <div class=\"ct-slick-carousel\" data-arrows=\"\" data-dots=\"\" data-pauseonhover=\"\" data-autoplay=\"\" data-autoplayspeed=\"\" data-infinite=\"\" data-speed=\"500\" data-colxs=\"1\" data-colsm=\"2\" data-colmd=\"3\" data-collg=\"3\" data-colxl=\"3\" data-dir=\"false\" data-slidestoscroll=\"1\">\r\n                                        <div class=\"slick-slide\">\r\n                            <div class=\"client-image wow bounce\">\r\n                                <a >\r\n                                    <img decoding=\"async\" width=\"406\" height=\"202\" src=\"https:\/\/vgoprime.com\/wp-content\/uploads\/2022\/02\/Logo_GAAS-INTERNATIONAL-ENTERPRISE-LLC.png\" class=\"attachment-full\" alt=\"\" \/>                                                                            <img decoding=\"async\" width=\"406\" height=\"202\" src=\"https:\/\/vgoprime.com\/wp-content\/uploads\/2022\/02\/Logo_GAAS-INTERNATIONAL-ENTERPRISE-LLC.png\" class=\"attachment-full\" alt=\"\" \/>                                                                    <\/a>\r\n                            <\/div>\r\n                        <\/div>\r\n                                                            <div class=\"slick-slide\">\r\n                            <div class=\"client-image wow bounce\">\r\n                                <a >\r\n                                    <img decoding=\"async\" width=\"226\" height=\"64\" src=\"https:\/\/vgoprime.com\/wp-content\/uploads\/2022\/02\/Logo_TLM.png\" class=\"attachment-full\" alt=\"\" \/>                                                                            <img decoding=\"async\" width=\"226\" height=\"64\" src=\"https:\/\/vgoprime.com\/wp-content\/uploads\/2022\/02\/Logo_TLM.png\" class=\"attachment-full\" alt=\"\" \/>                                                                    <\/a>\r\n                            <\/div>\r\n                        <\/div>\r\n                                                            <div class=\"slick-slide\">\r\n                            <div class=\"client-image wow bounce\">\r\n                                <a >\r\n                                    <img decoding=\"async\" width=\"109\" height=\"150\" src=\"https:\/\/vgoprime.com\/wp-content\/uploads\/2022\/02\/Logo_Symphore_4.png\" class=\"attachment-full\" alt=\"\" \/>                                                                            <img decoding=\"async\" width=\"109\" height=\"150\" src=\"https:\/\/vgoprime.com\/wp-content\/uploads\/2022\/02\/Logo_Symphore_4.png\" class=\"attachment-full\" alt=\"\" \/>                                                                    <\/a>\r\n                            <\/div>\r\n                        <\/div>\r\n                                                            <div class=\"slick-slide\">\r\n                            <div class=\"client-image wow bounce\">\r\n                                <a >\r\n                                    <img decoding=\"async\" width=\"485\" height=\"85\" src=\"https:\/\/vgoprime.com\/wp-content\/uploads\/2022\/02\/Logo_Immobilier.png\" class=\"attachment-full\" alt=\"\" \/>                                                                            <img decoding=\"async\" width=\"485\" height=\"85\" src=\"https:\/\/vgoprime.com\/wp-content\/uploads\/2022\/02\/Logo_Immobilier.png\" class=\"attachment-full\" alt=\"\" \/>                                                                    <\/a>\r\n                            <\/div>\r\n                        <\/div>\r\n                                                <\/div>\r\n        <\/div>\r\n    <\/div>\r\n\t\t<\/div>\n\t\t\t\t<\/div>\n\t\t            <\/div>\n        <\/div>\n                            <\/div>\n        <\/section>\n                <section class=\"elementor-section elementor-top-section elementor-element elementor-element-e39f131 elementor-section-boxed elementor-section-height-default elementor-section-height-default\" data-id=\"e39f131\" data-element_type=\"section\">\n            \n                        <div class=\"elementor-container elementor-column-gap-wider\">\n                    <div class=\"elementor-column elementor-col-100 elementor-top-column elementor-element elementor-element-4863063\" data-id=\"4863063\" data-element_type=\"column\">\n            <div class=\"elementor-widget-wrap elementor-element-populated\">\n                        \t\t<div class=\"elementor-element elementor-element-2655671 elementor-widget elementor-widget-ct_clients_list\" data-id=\"2655671\" data-element_type=\"widget\" data-widget_type=\"ct_clients_list.default\">\n\t\t\t\t<div class=\"elementor-widget-container\">\n\t\t\t    <div class=\"ct-client1 ct-slick-slider style3\">\r\n        <div class=\"ct-clients-list-inner\">\r\n            <div class=\"ct-slick-carousel\" data-arrows=\"\" data-dots=\"\" data-pauseonhover=\"\" data-autoplay=\"\" data-autoplayspeed=\"\" data-infinite=\"\" data-speed=\"500\" data-colxs=\"1\" data-colsm=\"2\" data-colmd=\"3\" data-collg=\"3\" data-colxl=\"3\" data-dir=\"false\" data-slidestoscroll=\"1\">\r\n                                        <div class=\"slick-slide\">\r\n                            <div class=\"client-image wow bounce\">\r\n                                <a >\r\n                                    <img decoding=\"async\" width=\"146\" height=\"70\" src=\"https:\/\/vgoprime.com\/wp-content\/uploads\/2022\/02\/Logo_Global-Invest.png\" class=\"attachment-full\" alt=\"\" \/>                                                                            <img decoding=\"async\" width=\"146\" height=\"70\" src=\"https:\/\/vgoprime.com\/wp-content\/uploads\/2022\/02\/Logo_Global-Invest.png\" class=\"attachment-full\" alt=\"\" \/>                                                                    <\/a>\r\n                            <\/div>\r\n                        <\/div>\r\n                                                            <div class=\"slick-slide\">\r\n                            <div class=\"client-image wow bounce\">\r\n                                <a >\r\n                                    <img decoding=\"async\" width=\"212\" height=\"107\" src=\"https:\/\/vgoprime.com\/wp-content\/uploads\/2022\/02\/Logo_Immo_Quebec_1.png\" class=\"attachment-full\" alt=\"\" \/>                                                                            <img decoding=\"async\" width=\"212\" height=\"107\" src=\"https:\/\/vgoprime.com\/wp-content\/uploads\/2022\/02\/Logo_Immo_Quebec_1.png\" class=\"attachment-full\" alt=\"\" \/>                                                                    <\/a>\r\n                            <\/div>\r\n                        <\/div>\r\n                                                            <div class=\"slick-slide\">\r\n                            <div class=\"client-image wow bounce\">\r\n                                <a >\r\n                                    <img decoding=\"async\" width=\"485\" height=\"85\" src=\"https:\/\/vgoprime.com\/wp-content\/uploads\/2022\/02\/Logo_Immobilier.png\" class=\"attachment-full\" alt=\"\" \/>                                                                            <img decoding=\"async\" width=\"485\" height=\"85\" src=\"https:\/\/vgoprime.com\/wp-content\/uploads\/2022\/02\/Logo_Immobilier.png\" class=\"attachment-full\" alt=\"\" \/>                                                                    <\/a>\r\n                            <\/div>\r\n                        <\/div>\r\n                                                <\/div>\r\n        <\/div>\r\n    <\/div>\r\n\t\t<\/div>\n\t\t\t\t<\/div>\n\t\t            <\/div>\n        <\/div>\n                            <\/div>\n        <\/section>\n                <section class=\"elementor-section elementor-top-section elementor-element elementor-element-582cc81 elementor-section-boxed elementor-section-height-default elementor-section-height-default\" data-id=\"582cc81\" data-element_type=\"section\">\n            \n                        <div class=\"elementor-container elementor-column-gap-wider\">\n                    <div class=\"elementor-column elementor-col-100 elementor-top-column elementor-element elementor-element-f486d84\" data-id=\"f486d84\" data-element_type=\"column\">\n            <div class=\"elementor-widget-wrap elementor-element-populated\">\n                        \t\t<div class=\"elementor-element elementor-element-1fea636 elementor-widget elementor-widget-ct_clients_list\" data-id=\"1fea636\" data-element_type=\"widget\" data-widget_type=\"ct_clients_list.default\">\n\t\t\t\t<div class=\"elementor-widget-container\">\n\t\t\t    <div class=\"ct-client1 ct-slick-slider style3\">\r\n        <div class=\"ct-clients-list-inner\">\r\n            <div class=\"ct-slick-carousel\" data-arrows=\"\" data-dots=\"\" data-pauseonhover=\"\" data-autoplay=\"\" data-autoplayspeed=\"\" data-infinite=\"\" data-speed=\"500\" data-colxs=\"1\" data-colsm=\"2\" data-colmd=\"3\" data-collg=\"3\" data-colxl=\"3\" data-dir=\"false\" data-slidestoscroll=\"1\">\r\n                                        <div class=\"slick-slide\">\r\n                            <div class=\"client-image wow bounce\">\r\n                                <a >\r\n                                    <img decoding=\"async\" width=\"377\" height=\"79\" src=\"https:\/\/vgoprime.com\/wp-content\/uploads\/2022\/02\/Logo_KBO.png\" class=\"attachment-full\" alt=\"\" \/>                                                                            <img decoding=\"async\" width=\"377\" height=\"79\" src=\"https:\/\/vgoprime.com\/wp-content\/uploads\/2022\/02\/Logo_KBO.png\" class=\"attachment-full\" alt=\"\" \/>                                                                    <\/a>\r\n                            <\/div>\r\n                        <\/div>\r\n                                                            <div class=\"slick-slide\">\r\n                            <div class=\"client-image wow bounce\">\r\n                                <a >\r\n                                    <img decoding=\"async\" width=\"311\" height=\"107\" src=\"https:\/\/vgoprime.com\/wp-content\/uploads\/2023\/05\/Logo_Gash-investors-Group.png\" class=\"attachment-full\" alt=\"\" \/>                                                                            <img decoding=\"async\" width=\"311\" height=\"107\" src=\"https:\/\/vgoprime.com\/wp-content\/uploads\/2023\/05\/Logo_Gash-investors-Group.png\" class=\"attachment-full\" alt=\"\" \/>                                                                    <\/a>\r\n                            <\/div>\r\n                        <\/div>\r\n                                                                <\/div>\r\n        <\/div>\r\n    <\/div>\r\n\t\t<\/div>\n\t\t\t\t<\/div>\n\t\t            <\/div>\n        <\/div>\n                            <\/div>\n        <\/section>\n                <section class=\"elementor-section elementor-top-section elementor-element elementor-element-85bda51 elementor-section-boxed elementor-section-height-default elementor-section-height-default\" data-id=\"85bda51\" data-element_type=\"section\">\n            \n                        <div class=\"elementor-container elementor-column-gap-wider\">\n                    <div class=\"elementor-column elementor-col-100 elementor-top-column elementor-element elementor-element-351f2d5\" data-id=\"351f2d5\" data-element_type=\"column\">\n            <div class=\"elementor-widget-wrap\">\n                                    <\/div>\n        <\/div>\n                            <\/div>\n        <\/section>\n                <section class=\"elementor-section elementor-top-section elementor-element elementor-element-9015846 elementor-section-content-middle elementor-section-boxed elementor-section-height-default elementor-section-height-default\" data-id=\"9015846\" data-element_type=\"section\" data-settings=\"{&quot;background_background&quot;:&quot;classic&quot;}\">\n            \n                        <div class=\"elementor-container elementor-column-gap-no\">\n                    <div class=\"elementor-column elementor-col-50 elementor-top-column elementor-element elementor-element-4d1c049\" data-id=\"4d1c049\" data-element_type=\"column\">\n            <div class=\"elementor-widget-wrap elementor-element-populated\">\n                        \t\t<div class=\"elementor-element elementor-element-f00bcc5 elementor-widget elementor-widget-heading\" data-id=\"f00bcc5\" data-element_type=\"widget\" data-widget_type=\"heading.default\">\n\t\t\t\t<div class=\"elementor-widget-container\">\n\t\t\t<h4 class=\"elementor-heading-title elementor-size-default\">\nWould you like to define a development strategy?<\/h4>\t\t<\/div>\n\t\t\t\t<\/div>\n\t\t            <\/div>\n        <\/div>\n                <div class=\"elementor-column elementor-col-50 elementor-top-column elementor-element elementor-element-e992eca\" data-id=\"e992eca\" data-element_type=\"column\">\n            <div class=\"elementor-widget-wrap elementor-element-populated\">\n                        \t\t<div class=\"elementor-element elementor-element-1af2680 elementor-align-center elementor-mobile-align-center elementor-widget elementor-widget-button\" data-id=\"1af2680\" data-element_type=\"widget\" data-widget_type=\"button.default\">\n\t\t\t\t<div class=\"elementor-widget-container\">\n\t\t\t\t\t<div class=\"elementor-button-wrapper\">\n\t\t\t<a href=\"https:\/\/vgoprime.com\/contact\/\" class=\"elementor-button-link elementor-button elementor-size-sm elementor-animation-grow\" role=\"button\">\n\t\t\t\t\t\t<span class=\"elementor-button-content-wrapper\">\n\t\t\t\t\t\t<span class=\"elementor-button-icon elementor-align-icon-left\">\n\t\t\t\t<i aria-hidden=\"true\" class=\"material zmdi zmdi-thumb-up\"><\/i>\t\t\t<\/span>\n\t\t\t\t\t\t<span class=\"elementor-button-text\">contact us<\/span>\n\t\t<\/span>\n\t\t\t\t\t<\/a>\n\t\t<\/div>\n\t\t\t\t<\/div>\n\t\t\t\t<\/div>\n\t\t            <\/div>\n        <\/div>\n                            <\/div>\n        <\/section>\n        \t\t\t\t<\/div>\n\t\t\t\t\t<\/div>","protected":false},"excerpt":{"rendered":"<p>Certains clients avec lesquels nous avons travaill\u00e9 Des liens de confiance durables Vous souhaitez d\u00e9finir une strat\u00e9gie de d\u00e9veloppement? contactez-nous<\/p>","protected":false},"author":1,"featured_media":0,"parent":0,"menu_order":0,"comment_status":"closed","ping_status":"closed","template":"elementor_header_footer","meta":{"footnotes":""},"class_list":["post-5778","page","type-page","status-publish","hentry"],"_links":{"self":[{"href":"https:\/\/vgoprime.com\/en\/wp-json\/wp\/v2\/pages\/5778","targetHints":{"allow":["GET"]}}],"collection":[{"href":"https:\/\/vgoprime.com\/en\/wp-json\/wp\/v2\/pages"}],"about":[{"href":"https:\/\/vgoprime.com\/en\/wp-json\/wp\/v2\/types\/page"}],"author":[{"embeddable":true,"href":"https:\/\/vgoprime.com\/en\/wp-json\/wp\/v2\/users\/1"}],"replies":[{"embeddable":true,"href":"https:\/\/vgoprime.com\/en\/wp-json\/wp\/v2\/comments?post=5778"}],"version-history":[{"count":70,"href":"https:\/\/vgoprime.com\/en\/wp-json\/wp\/v2\/pages\/5778\/revisions"}],"predecessor-version":[{"id":6949,"href":"https:\/\/vgoprime.com\/en\/wp-json\/wp\/v2\/pages\/5778\/revisions\/6949"}],"wp:attachment":[{"href":"https:\/\/vgoprime.com\/en\/wp-json\/wp\/v2\/media?parent=5778"}],"curies":[{"name":"wp","href":"https:\/\/api.w.org\/{rel}","templated":true}]}}