{"id":5785,"date":"2022-02-21T04:30:57","date_gmt":"2022-02-21T04:30:57","guid":{"rendered":"https:\/\/vgoprime.com\/?page_id=5785"},"modified":"2022-03-02T15:49:58","modified_gmt":"2022-03-02T15:49:58","slug":"rd-nouveaux-marches","status":"publish","type":"page","link":"https:\/\/vgoprime.com\/en\/rd-nouveaux-marches\/","title":{"rendered":"R&amp;D NEW MARKETS"},"content":{"rendered":"<div data-elementor-type=\"wp-page\" data-elementor-id=\"5785\" class=\"elementor elementor-5785\" data-elementor-settings=\"[]\">\n\t\t\t\t\t\t\t<div class=\"elementor-section-wrap\">\n\t\t\t\t\t        <section class=\"elementor-section elementor-top-section elementor-element elementor-element-b2ad06d elementor-section-boxed elementor-section-height-default elementor-section-height-default\" data-id=\"b2ad06d\" data-element_type=\"section\">\n            \n                        <div class=\"elementor-container elementor-column-gap-wider\">\n                    <div class=\"elementor-column elementor-col-100 elementor-top-column elementor-element elementor-element-e6d2278\" data-id=\"e6d2278\" data-element_type=\"column\">\n            <div class=\"elementor-widget-wrap elementor-element-populated\">\n                        \t\t<div class=\"elementor-element elementor-element-ed6080d elementor-widget elementor-widget-text-editor\" data-id=\"ed6080d\" data-element_type=\"widget\" data-widget_type=\"text-editor.default\">\n\t\t\t\t<div class=\"elementor-widget-container\">\n\t\t\t\t\t\t\t<p>Exporter, importer, construire des partenariats sont des leviers de croissances d\u00e9cisifs\u00a0pour les entreprises qui, en diversifiant leurs march\u00e9s, leurs partenaires sont amen\u00e9es \u00e0 \u00eatre plus comp\u00e9titives et\u00a0plus innovantes. Elles montrent ainsi davantage de r\u00e9sistance face aux chocs \u00e9conomiques.\u00a0Mais que vous d\u00e9butiez ou non,\u00a0se lancer \u00e0 l\u2019international en qu\u00eate de niche d&#8217;opportunit\u00e9s ne s\u2019improvise\u00a0pas !<\/p>\t\t\t\t\t\t<\/div>\n\t\t\t\t<\/div>\n\t\t            <\/div>\n        <\/div>\n                            <\/div>\n        <\/section>\n                <section class=\"elementor-section elementor-top-section elementor-element elementor-element-1c8d480b elementor-section-content-middle envato-kit-141-top-0 elementor-section-boxed elementor-section-height-default elementor-section-height-default\" data-id=\"1c8d480b\" data-element_type=\"section\" data-settings=\"{&quot;background_background&quot;:&quot;classic&quot;}\">\n                            <div class=\"elementor-background-overlay\"><\/div>\n                \n                        <div class=\"elementor-container elementor-column-gap-wide\">\n                    <div class=\"elementor-column elementor-col-100 elementor-top-column elementor-element elementor-element-1fca410d\" data-id=\"1fca410d\" data-element_type=\"column\">\n            <div class=\"elementor-widget-wrap elementor-element-populated\">\n                        \t\t<div class=\"elementor-element elementor-element-2c46c3c elementor-invisible elementor-widget elementor-widget-heading\" data-id=\"2c46c3c\" data-element_type=\"widget\" data-settings=\"{&quot;_animation&quot;:&quot;fadeIn&quot;,&quot;_animation_delay&quot;:50}\" data-widget_type=\"heading.default\">\n\t\t\t\t<div class=\"elementor-widget-container\">\n\t\t\t<h2 class=\"elementor-heading-title elementor-size-default\">Research &amp; Development <\/h2>\t\t<\/div>\n\t\t\t\t<\/div>\n\t\t\t\t<div class=\"elementor-element elementor-element-619ec5cf elementor-invisible elementor-widget elementor-widget-heading\" data-id=\"619ec5cf\" data-element_type=\"widget\" data-settings=\"{&quot;_animation&quot;:&quot;fadeIn&quot;,&quot;_animation_delay&quot;:100}\" data-widget_type=\"heading.default\">\n\t\t\t\t<div class=\"elementor-widget-container\">\n\t\t\t<h2 class=\"elementor-heading-title elementor-size-default\">New markets<\/h2>\t\t<\/div>\n\t\t\t\t<\/div>\n\t\t\t\t<div class=\"elementor-element elementor-element-7bcfbe7b elementor-invisible elementor-widget elementor-widget-heading\" data-id=\"7bcfbe7b\" data-element_type=\"widget\" data-settings=\"{&quot;_animation&quot;:&quot;fadeIn&quot;,&quot;_animation_delay&quot;:150}\" data-widget_type=\"heading.default\">\n\t\t\t\t<div class=\"elementor-widget-container\">\n\t\t\t<h2 class=\"elementor-heading-title elementor-size-default\">Performance and growth in French-speaking Africa <br>          \nA niche of opportunity\n<\/h2>\t\t<\/div>\n\t\t\t\t<\/div>\n\t\t            <\/div>\n        <\/div>\n                            <\/div>\n        <\/section>\n                <section class=\"elementor-section elementor-top-section elementor-element elementor-element-7156467 elementor-section-content-middle elementor-section-boxed elementor-section-height-default elementor-section-height-default\" data-id=\"7156467\" data-element_type=\"section\">\n            \n                        <div class=\"elementor-container elementor-column-gap-no\">\n                    <div class=\"elementor-column elementor-col-100 elementor-top-column elementor-element elementor-element-f1b5971\" data-id=\"f1b5971\" data-element_type=\"column\">\n            <div class=\"elementor-widget-wrap elementor-element-populated\">\n                                <section class=\"elementor-section elementor-inner-section elementor-element elementor-element-51d2243 elementor-section-content-middle elementor-section-boxed elementor-section-height-default elementor-section-height-default\" data-id=\"51d2243\" data-element_type=\"section\">\n            \n                        <div class=\"elementor-container elementor-column-gap-no\">\n                    <div class=\"elementor-column elementor-col-33 elementor-inner-column elementor-element elementor-element-a7ee5a9\" data-id=\"a7ee5a9\" data-element_type=\"column\">\n            <div class=\"elementor-widget-wrap elementor-element-populated\">\n                        \t\t<div class=\"elementor-element elementor-element-3e25759 elementor-widget elementor-widget-image\" data-id=\"3e25759\" data-element_type=\"widget\" data-widget_type=\"image.default\">\n\t\t\t\t<div class=\"elementor-widget-container\">\n\t\t\t\t\t\t\t\t\t\t\t\t\t\t\t<img decoding=\"async\" width=\"640\" height=\"480\" src=\"https:\/\/vgoprime.com\/wp-content\/uploads\/2022\/02\/pexels-mica-asato-1058141.jpg\" class=\"attachment-large size-large\" alt=\"\" srcset=\"https:\/\/vgoprime.com\/wp-content\/uploads\/2022\/02\/pexels-mica-asato-1058141.jpg 800w, https:\/\/vgoprime.com\/wp-content\/uploads\/2022\/02\/pexels-mica-asato-1058141-300x225.jpg 300w, https:\/\/vgoprime.com\/wp-content\/uploads\/2022\/02\/pexels-mica-asato-1058141-768x576.jpg 768w, https:\/\/vgoprime.com\/wp-content\/uploads\/2022\/02\/pexels-mica-asato-1058141-600x450.jpg 600w\" sizes=\"(max-width: 640px) 100vw, 640px\" \/>\t\t\t\t\t\t\t\t\t\t\t\t\t\t\t<\/div>\n\t\t\t\t<\/div>\n\t\t            <\/div>\n        <\/div>\n                <div class=\"elementor-column elementor-col-33 elementor-inner-column elementor-element elementor-element-e812c6e\" data-id=\"e812c6e\" data-element_type=\"column\">\n            <div class=\"elementor-widget-wrap elementor-element-populated\">\n                        \t\t<div class=\"elementor-element elementor-element-5c3a811 elementor-widget elementor-widget-heading\" data-id=\"5c3a811\" data-element_type=\"widget\" data-widget_type=\"heading.default\">\n\t\t\t\t<div class=\"elementor-widget-container\">\n\t\t\t<h2 class=\"elementor-heading-title elementor-size-default\">Agricultural<\/h2>\t\t<\/div>\n\t\t\t\t<\/div>\n\t\t\t\t<div class=\"elementor-element elementor-element-ecaa0cb elementor-widget elementor-widget-text-editor\" data-id=\"ecaa0cb\" data-element_type=\"widget\" data-widget_type=\"text-editor.default\">\n\t\t\t\t<div class=\"elementor-widget-container\">\n\t\t\t\t\t\t\t<p>Africa has a wide variety of agro-ecological zones. While this diversity is an enormous asset, it also represents a major challenge for Africa's agricultural development.<\/p>\t\t\t\t\t\t<\/div>\n\t\t\t\t<\/div>\n\t\t            <\/div>\n        <\/div>\n                <div class=\"elementor-column elementor-col-33 elementor-inner-column elementor-element elementor-element-5a9fe9d\" data-id=\"5a9fe9d\" data-element_type=\"column\">\n            <div class=\"elementor-widget-wrap elementor-element-populated\">\n                        \t\t<div class=\"elementor-element elementor-element-9061344 elementor-widget elementor-widget-image\" data-id=\"9061344\" data-element_type=\"widget\" data-widget_type=\"image.default\">\n\t\t\t\t<div class=\"elementor-widget-container\">\n\t\t\t\t\t\t\t\t\t\t\t\t\t\t\t<img decoding=\"async\" width=\"640\" height=\"480\" src=\"https:\/\/vgoprime.com\/wp-content\/uploads\/2022\/02\/educa.jpg\" class=\"attachment-large size-large\" alt=\"\" srcset=\"https:\/\/vgoprime.com\/wp-content\/uploads\/2022\/02\/educa.jpg 800w, https:\/\/vgoprime.com\/wp-content\/uploads\/2022\/02\/educa-300x225.jpg 300w, https:\/\/vgoprime.com\/wp-content\/uploads\/2022\/02\/educa-768x576.jpg 768w, https:\/\/vgoprime.com\/wp-content\/uploads\/2022\/02\/educa-600x450.jpg 600w\" sizes=\"(max-width: 640px) 100vw, 640px\" \/>\t\t\t\t\t\t\t\t\t\t\t\t\t\t\t<\/div>\n\t\t\t\t<\/div>\n\t\t            <\/div>\n        <\/div>\n                            <\/div>\n        <\/section>\n                <section class=\"elementor-section elementor-inner-section elementor-element elementor-element-8260189 elementor-section-content-middle elementor-section-boxed elementor-section-height-default elementor-section-height-default\" data-id=\"8260189\" data-element_type=\"section\">\n            \n                        <div class=\"elementor-container elementor-column-gap-no\">\n                    <div class=\"elementor-column elementor-col-33 elementor-inner-column elementor-element elementor-element-ed8af3f\" data-id=\"ed8af3f\" data-element_type=\"column\">\n            <div class=\"elementor-widget-wrap elementor-element-populated\">\n                        \t\t<div class=\"elementor-element elementor-element-2ceb1c8 elementor-widget elementor-widget-heading\" data-id=\"2ceb1c8\" data-element_type=\"widget\" data-widget_type=\"heading.default\">\n\t\t\t\t<div class=\"elementor-widget-container\">\n\t\t\t<h2 class=\"elementor-heading-title elementor-size-default\">Mining, oil &amp; energy<\/h2>\t\t<\/div>\n\t\t\t\t<\/div>\n\t\t\t\t<div class=\"elementor-element elementor-element-a7020ac elementor-widget elementor-widget-text-editor\" data-id=\"a7020ac\" data-element_type=\"widget\" data-widget_type=\"text-editor.default\">\n\t\t\t\t<div class=\"elementor-widget-container\">\n\t\t\t\t\t\t\t<p><strong>One of the biggest problems facing mining companies investing in sub-Saharan Africa is access to electricity.\u00a0<\/strong><\/p>\t\t\t\t\t\t<\/div>\n\t\t\t\t<\/div>\n\t\t            <\/div>\n        <\/div>\n                <div class=\"elementor-column elementor-col-33 elementor-inner-column elementor-element elementor-element-8d4e720\" data-id=\"8d4e720\" data-element_type=\"column\">\n            <div class=\"elementor-widget-wrap elementor-element-populated\">\n                        \t\t<div class=\"elementor-element elementor-element-3f0eb62 elementor-widget elementor-widget-image\" data-id=\"3f0eb62\" data-element_type=\"widget\" data-widget_type=\"image.default\">\n\t\t\t\t<div class=\"elementor-widget-container\">\n\t\t\t\t\t\t\t\t\t\t\t\t\t\t\t<img decoding=\"async\" width=\"640\" height=\"480\" src=\"https:\/\/vgoprime.com\/wp-content\/uploads\/2022\/02\/agric.jpg\" class=\"attachment-large size-large\" alt=\"\" srcset=\"https:\/\/vgoprime.com\/wp-content\/uploads\/2022\/02\/agric.jpg 800w, https:\/\/vgoprime.com\/wp-content\/uploads\/2022\/02\/agric-300x225.jpg 300w, https:\/\/vgoprime.com\/wp-content\/uploads\/2022\/02\/agric-768x576.jpg 768w, https:\/\/vgoprime.com\/wp-content\/uploads\/2022\/02\/agric-600x450.jpg 600w\" sizes=\"(max-width: 640px) 100vw, 640px\" \/>\t\t\t\t\t\t\t\t\t\t\t\t\t\t\t<\/div>\n\t\t\t\t<\/div>\n\t\t            <\/div>\n        <\/div>\n                <div class=\"elementor-column elementor-col-33 elementor-inner-column elementor-element elementor-element-665533a\" data-id=\"665533a\" data-element_type=\"column\">\n            <div class=\"elementor-widget-wrap elementor-element-populated\">\n                        \t\t<div class=\"elementor-element elementor-element-824b37b elementor-widget elementor-widget-heading\" data-id=\"824b37b\" data-element_type=\"widget\" data-widget_type=\"heading.default\">\n\t\t\t\t<div class=\"elementor-widget-container\">\n\t\t\t<h2 class=\"elementor-heading-title elementor-size-default\">Education<\/h2>\t\t<\/div>\n\t\t\t\t<\/div>\n\t\t\t\t<div class=\"elementor-element elementor-element-a38aec8 elementor-widget elementor-widget-text-editor\" data-id=\"a38aec8\" data-element_type=\"widget\" data-widget_type=\"text-editor.default\">\n\t\t\t\t<div class=\"elementor-widget-container\">\n\t\t\t\t\t\t\t<p>To achieve high-quality skills, training requires appropriate equipment and tools, a sufficient quantity of teaching materials, and practice.<\/p>\t\t\t\t\t\t<\/div>\n\t\t\t\t<\/div>\n\t\t            <\/div>\n        <\/div>\n                            <\/div>\n        <\/section>\n                    <\/div>\n        <\/div>\n                            <\/div>\n        <\/section>\n                <section class=\"elementor-section elementor-top-section elementor-element elementor-element-d0d4beb elementor-section-content-middle elementor-section-boxed elementor-section-height-default elementor-section-height-default\" data-id=\"d0d4beb\" data-element_type=\"section\">\n            \n                        <div class=\"elementor-container elementor-column-gap-no\">\n                    <div class=\"elementor-column elementor-col-100 elementor-top-column elementor-element elementor-element-fe4bf60\" data-id=\"fe4bf60\" data-element_type=\"column\">\n            <div class=\"elementor-widget-wrap elementor-element-populated\">\n                                <section class=\"elementor-section elementor-inner-section elementor-element elementor-element-528cf0f elementor-section-content-middle elementor-section-boxed elementor-section-height-default elementor-section-height-default\" data-id=\"528cf0f\" data-element_type=\"section\">\n            \n                        <div class=\"elementor-container elementor-column-gap-no\">\n                    <div class=\"elementor-column elementor-col-33 elementor-inner-column elementor-element elementor-element-42e35bd\" data-id=\"42e35bd\" data-element_type=\"column\">\n            <div class=\"elementor-widget-wrap elementor-element-populated\">\n                        \t\t<div class=\"elementor-element elementor-element-7d752cd elementor-widget elementor-widget-image\" data-id=\"7d752cd\" data-element_type=\"widget\" data-widget_type=\"image.default\">\n\t\t\t\t<div class=\"elementor-widget-container\">\n\t\t\t\t\t\t\t\t\t\t\t\t\t\t\t<img decoding=\"async\" width=\"640\" height=\"480\" src=\"https:\/\/vgoprime.com\/wp-content\/uploads\/2022\/02\/immob.jpg\" class=\"attachment-large size-large\" alt=\"\" srcset=\"https:\/\/vgoprime.com\/wp-content\/uploads\/2022\/02\/immob.jpg 800w, https:\/\/vgoprime.com\/wp-content\/uploads\/2022\/02\/immob-300x225.jpg 300w, https:\/\/vgoprime.com\/wp-content\/uploads\/2022\/02\/immob-768x576.jpg 768w, https:\/\/vgoprime.com\/wp-content\/uploads\/2022\/02\/immob-600x450.jpg 600w\" sizes=\"(max-width: 640px) 100vw, 640px\" \/>\t\t\t\t\t\t\t\t\t\t\t\t\t\t\t<\/div>\n\t\t\t\t<\/div>\n\t\t            <\/div>\n        <\/div>\n                <div class=\"elementor-column elementor-col-33 elementor-inner-column elementor-element elementor-element-9d713d4\" data-id=\"9d713d4\" data-element_type=\"column\">\n            <div class=\"elementor-widget-wrap elementor-element-populated\">\n                        \t\t<div class=\"elementor-element elementor-element-9c8332f elementor-widget elementor-widget-heading\" data-id=\"9c8332f\" data-element_type=\"widget\" data-widget_type=\"heading.default\">\n\t\t\t\t<div class=\"elementor-widget-container\">\n\t\t\t<h2 class=\"elementor-heading-title elementor-size-default\">Transport and telecommunications <\/h2>\t\t<\/div>\n\t\t\t\t<\/div>\n\t\t\t\t<div class=\"elementor-element elementor-element-a9def75 elementor-widget elementor-widget-text-editor\" data-id=\"a9def75\" data-element_type=\"widget\" data-widget_type=\"text-editor.default\">\n\t\t\t\t<div class=\"elementor-widget-container\">\n\t\t\t\t\t\t\t<p>The territorial dynamics of attractiveness resulting from the quality of investment in transport infrastructure are linked to strategies focused on building regional capacities.\u00a0<\/p>\t\t\t\t\t\t<\/div>\n\t\t\t\t<\/div>\n\t\t            <\/div>\n        <\/div>\n                <div class=\"elementor-column elementor-col-33 elementor-inner-column elementor-element elementor-element-d7c3e1c\" data-id=\"d7c3e1c\" data-element_type=\"column\">\n            <div class=\"elementor-widget-wrap elementor-element-populated\">\n                        \t\t<div class=\"elementor-element elementor-element-185cb8c elementor-widget elementor-widget-image\" data-id=\"185cb8c\" data-element_type=\"widget\" data-widget_type=\"image.default\">\n\t\t\t\t<div class=\"elementor-widget-container\">\n\t\t\t\t\t\t\t\t\t\t\t\t\t\t\t<img decoding=\"async\" width=\"640\" height=\"480\" src=\"https:\/\/vgoprime.com\/wp-content\/uploads\/2022\/02\/informa.jpg\" class=\"attachment-large size-large\" alt=\"\" srcset=\"https:\/\/vgoprime.com\/wp-content\/uploads\/2022\/02\/informa.jpg 800w, https:\/\/vgoprime.com\/wp-content\/uploads\/2022\/02\/informa-300x225.jpg 300w, https:\/\/vgoprime.com\/wp-content\/uploads\/2022\/02\/informa-768x576.jpg 768w, https:\/\/vgoprime.com\/wp-content\/uploads\/2022\/02\/informa-600x450.jpg 600w\" sizes=\"(max-width: 640px) 100vw, 640px\" \/>\t\t\t\t\t\t\t\t\t\t\t\t\t\t\t<\/div>\n\t\t\t\t<\/div>\n\t\t            <\/div>\n        <\/div>\n                            <\/div>\n        <\/section>\n                <section class=\"elementor-section elementor-inner-section elementor-element elementor-element-e096765 elementor-section-content-middle elementor-section-boxed elementor-section-height-default elementor-section-height-default\" data-id=\"e096765\" data-element_type=\"section\">\n            \n                        <div class=\"elementor-container elementor-column-gap-no\">\n                    <div class=\"elementor-column elementor-col-33 elementor-inner-column elementor-element elementor-element-f927960\" data-id=\"f927960\" data-element_type=\"column\">\n            <div class=\"elementor-widget-wrap elementor-element-populated\">\n                        \t\t<div class=\"elementor-element elementor-element-63d29cf elementor-widget elementor-widget-heading\" data-id=\"63d29cf\" data-element_type=\"widget\" data-widget_type=\"heading.default\">\n\t\t\t\t<div class=\"elementor-widget-container\">\n\t\t\t<h2 class=\"elementor-heading-title elementor-size-default\">Real Estate &amp; Hospitality<\/h2>\t\t<\/div>\n\t\t\t\t<\/div>\n\t\t\t\t<div class=\"elementor-element elementor-element-77a725d elementor-widget elementor-widget-text-editor\" data-id=\"77a725d\" data-element_type=\"widget\" data-widget_type=\"text-editor.default\">\n\t\t\t\t<div class=\"elementor-widget-container\">\n\t\t\t\t\t\t\t<p>The shortage of hotel accommodation on the continent also offers one of the world's best real estate investment opportunities.\u00a0<\/p>\t\t\t\t\t\t<\/div>\n\t\t\t\t<\/div>\n\t\t            <\/div>\n        <\/div>\n                <div class=\"elementor-column elementor-col-33 elementor-inner-column elementor-element elementor-element-e71487e\" data-id=\"e71487e\" data-element_type=\"column\">\n            <div class=\"elementor-widget-wrap elementor-element-populated\">\n                        \t\t<div class=\"elementor-element elementor-element-1a1f7b1 elementor-widget elementor-widget-image\" data-id=\"1a1f7b1\" data-element_type=\"widget\" data-widget_type=\"image.default\">\n\t\t\t\t<div class=\"elementor-widget-container\">\n\t\t\t\t\t\t\t\t\t\t\t\t\t\t\t<img decoding=\"async\" width=\"640\" height=\"480\" src=\"https:\/\/vgoprime.com\/wp-content\/uploads\/2022\/02\/transport.jpg\" class=\"attachment-large size-large\" alt=\"\" srcset=\"https:\/\/vgoprime.com\/wp-content\/uploads\/2022\/02\/transport.jpg 800w, https:\/\/vgoprime.com\/wp-content\/uploads\/2022\/02\/transport-300x225.jpg 300w, https:\/\/vgoprime.com\/wp-content\/uploads\/2022\/02\/transport-768x576.jpg 768w, https:\/\/vgoprime.com\/wp-content\/uploads\/2022\/02\/transport-600x450.jpg 600w\" sizes=\"(max-width: 640px) 100vw, 640px\" \/>\t\t\t\t\t\t\t\t\t\t\t\t\t\t\t<\/div>\n\t\t\t\t<\/div>\n\t\t            <\/div>\n        <\/div>\n                <div class=\"elementor-column elementor-col-33 elementor-inner-column elementor-element elementor-element-bcca948\" data-id=\"bcca948\" data-element_type=\"column\">\n            <div class=\"elementor-widget-wrap elementor-element-populated\">\n                        \t\t<div class=\"elementor-element elementor-element-3ca61d3 elementor-widget elementor-widget-heading\" data-id=\"3ca61d3\" data-element_type=\"widget\" data-widget_type=\"heading.default\">\n\t\t\t\t<div class=\"elementor-widget-container\">\n\t\t\t<h2 class=\"elementor-heading-title elementor-size-default\">Computers and new technologies<\/h2>\t\t<\/div>\n\t\t\t\t<\/div>\n\t\t\t\t<div class=\"elementor-element elementor-element-db74deb elementor-widget elementor-widget-text-editor\" data-id=\"db74deb\" data-element_type=\"widget\" data-widget_type=\"text-editor.default\">\n\t\t\t\t<div class=\"elementor-widget-container\">\n\t\t\t\t\t\t\t<p>Development in Africa can be achieved through Information Systems in the broadest sense of the term, covering computer technologies, data exchange systems, data and uses.<\/p>\t\t\t\t\t\t<\/div>\n\t\t\t\t<\/div>\n\t\t            <\/div>\n        <\/div>\n                            <\/div>\n        <\/section>\n                    <\/div>\n        <\/div>\n                            <\/div>\n        <\/section>\n                <section class=\"elementor-section elementor-top-section elementor-element elementor-element-d058b50 elementor-section-content-middle elementor-section-boxed elementor-section-height-default elementor-section-height-default\" data-id=\"d058b50\" data-element_type=\"section\" data-settings=\"{&quot;background_background&quot;:&quot;classic&quot;}\">\n            \n                        <div class=\"elementor-container elementor-column-gap-no\">\n                    <div class=\"elementor-column elementor-col-50 elementor-top-column elementor-element elementor-element-9713f0e\" data-id=\"9713f0e\" data-element_type=\"column\">\n            <div class=\"elementor-widget-wrap elementor-element-populated\">\n                        \t\t<div class=\"elementor-element elementor-element-fd3faf7 elementor-widget elementor-widget-heading\" data-id=\"fd3faf7\" data-element_type=\"widget\" data-widget_type=\"heading.default\">\n\t\t\t\t<div class=\"elementor-widget-container\">\n\t\t\t<h4 class=\"elementor-heading-title elementor-size-default\">\nWould you like to define a development strategy?<\/h4>\t\t<\/div>\n\t\t\t\t<\/div>\n\t\t            <\/div>\n        <\/div>\n                <div class=\"elementor-column elementor-col-50 elementor-top-column elementor-element elementor-element-a1b3519\" data-id=\"a1b3519\" data-element_type=\"column\">\n            <div class=\"elementor-widget-wrap elementor-element-populated\">\n                        \t\t<div class=\"elementor-element elementor-element-a3f6abf elementor-align-center elementor-mobile-align-center elementor-widget elementor-widget-button\" data-id=\"a3f6abf\" data-element_type=\"widget\" data-widget_type=\"button.default\">\n\t\t\t\t<div class=\"elementor-widget-container\">\n\t\t\t\t\t<div class=\"elementor-button-wrapper\">\n\t\t\t<a href=\"#\" class=\"elementor-button-link elementor-button elementor-size-sm elementor-animation-grow\" role=\"button\">\n\t\t\t\t\t\t<span class=\"elementor-button-content-wrapper\">\n\t\t\t\t\t\t<span class=\"elementor-button-icon elementor-align-icon-left\">\n\t\t\t\t<i aria-hidden=\"true\" class=\"material zmdi zmdi-thumb-up\"><\/i>\t\t\t<\/span>\n\t\t\t\t\t\t<span class=\"elementor-button-text\">contact us<\/span>\n\t\t<\/span>\n\t\t\t\t\t<\/a>\n\t\t<\/div>\n\t\t\t\t<\/div>\n\t\t\t\t<\/div>\n\t\t            <\/div>\n        <\/div>\n                            <\/div>\n        <\/section>\n        \t\t\t\t<\/div>\n\t\t\t\t\t<\/div>","protected":false},"excerpt":{"rendered":"<p>Exporter, importer, construire des partenariats sont des leviers de croissances d\u00e9cisifs\u00a0pour les entreprises qui, en diversifiant leurs march\u00e9s, leurs partenaires sont amen\u00e9es \u00e0 \u00eatre plus comp\u00e9titives et\u00a0plus innovantes. Elles montrent ainsi davantage de r\u00e9sistance face aux chocs \u00e9conomiques.\u00a0Mais que vous d\u00e9butiez ou non,\u00a0se lancer \u00e0 l\u2019international en qu\u00eate de niche d&#8217;opportunit\u00e9s ne s\u2019improvise\u00a0pas ! Recherche [&hellip;]<\/p>","protected":false},"author":1,"featured_media":0,"parent":0,"menu_order":0,"comment_status":"closed","ping_status":"closed","template":"elementor_header_footer","meta":{"footnotes":""},"class_list":["post-5785","page","type-page","status-publish","hentry"],"_links":{"self":[{"href":"https:\/\/vgoprime.com\/en\/wp-json\/wp\/v2\/pages\/5785","targetHints":{"allow":["GET"]}}],"collection":[{"href":"https:\/\/vgoprime.com\/en\/wp-json\/wp\/v2\/pages"}],"about":[{"href":"https:\/\/vgoprime.com\/en\/wp-json\/wp\/v2\/types\/page"}],"author":[{"embeddable":true,"href":"https:\/\/vgoprime.com\/en\/wp-json\/wp\/v2\/users\/1"}],"replies":[{"embeddable":true,"href":"https:\/\/vgoprime.com\/en\/wp-json\/wp\/v2\/comments?post=5785"}],"version-history":[{"count":82,"href":"https:\/\/vgoprime.com\/en\/wp-json\/wp\/v2\/pages\/5785\/revisions"}],"predecessor-version":[{"id":6806,"href":"https:\/\/vgoprime.com\/en\/wp-json\/wp\/v2\/pages\/5785\/revisions\/6806"}],"wp:attachment":[{"href":"https:\/\/vgoprime.com\/en\/wp-json\/wp\/v2\/media?parent=5785"}],"curies":[{"name":"wp","href":"https:\/\/api.w.org\/{rel}","templated":true}]}}