{"id":6670,"date":"2022-02-28T16:13:30","date_gmt":"2022-02-28T16:13:30","guid":{"rendered":"https:\/\/vgoprime.com\/?page_id=6670"},"modified":"2022-03-02T15:29:39","modified_gmt":"2022-03-02T15:29:39","slug":"developpement-partenariat","status":"publish","type":"page","link":"https:\/\/vgoprime.com\/en\/developpement-partenariat\/","title":{"rendered":"D\u00c9VELOPPEMENT DE PARTENARIATS"},"content":{"rendered":"<div data-elementor-type=\"wp-page\" data-elementor-id=\"6670\" class=\"elementor elementor-6670\" data-elementor-settings=\"[]\">\n\t\t\t\t\t\t\t<div class=\"elementor-section-wrap\">\n\t\t\t\t\t        <section class=\"elementor-section elementor-top-section elementor-element elementor-element-1bb728a elementor-section-boxed elementor-section-height-default elementor-section-height-default\" data-id=\"1bb728a\" data-element_type=\"section\">\n            \n                        <div class=\"elementor-container elementor-column-gap-default\">\n                    <div class=\"elementor-column elementor-col-66 elementor-top-column elementor-element elementor-element-2e569a9\" data-id=\"2e569a9\" data-element_type=\"column\">\n            <div class=\"elementor-widget-wrap elementor-element-populated\">\n                        \t\t<div class=\"elementor-element elementor-element-cd7c986 elementor-widget elementor-widget-ct_text_editor\" data-id=\"cd7c986\" data-element_type=\"widget\" data-widget_type=\"ct_text_editor.default\">\n\t\t\t\t<div class=\"elementor-widget-container\">\n\t\t\t<div id=\"ct_text_editor-cd7c986\" class=\"ct-text-editor\" data-wow-delay=\"ms\">\n\t<div class=\"ct-inline-css\"  data-css=\"        \t\t\">\n\n    <\/div>\n\t<div class=\"ct-text-editor elementor-clearfix\">\n\t\t<h5>Partnership development<\/h5><p><strong>Being an incubator <\/strong><\/p><p>Le partenariat est au c\u0153ur des strat\u00e9gies \u00e9conomiques des entreprises et des organismes communautaires en Afrique francophone. La mise en place d&#8217;une plateforme de cr\u00e9ation des opportunit\u00e9s de partenariat entre les entreprises nord-am\u00e9ricaines et celles de l&#8217;Afrique francophone permet de favoriser un environnement propice aux affaires. VGO PRIME se positionne comme un incubateur.<\/p><p><strong>Diversifying partnerships<\/strong><\/p><p>Les partenaires peuvent \u00eatre issus de diff\u00e9rents secteurs (secteur public, secteur priv\u00e9, et soci\u00e9t\u00e9 civile). Il s&#8217;agit du gouvernement, des communaut\u00e9s, des organisations non-gouvernementales (ONG), des organisations communautaires (OC), des entreprises locales, des groupes communautaires et des entreprises.<\/p><p>Partnerships help to strengthen corporate resources and capabilities. These capabilities are present in all social, political, economic and environmental relationships. Partners, players and stakeholders can negotiate, plan and manage any project they have in common, with the aim of achieving success that benefits their businesses.<strong>\u00a0<\/strong><\/p><h5>Strategy development<\/h5><p><strong>Dare to succeed<\/strong><\/p><p>La mise en place d&#8217;un plan strat\u00e9gique solide constitue l&#8217;ossature permettant \u00e0 d\u00e9terminer clairement l\u2019orientation souhait\u00e9e pour votre entreprise. Il vous permet de d\u00e9finir pour votre entreprise la bonne voie \u00e0 suivre. VGO PRIME peut vous aider \u00e0 cr\u00e9er un plan strat\u00e9gique qui s&#8217;appuie sur la vision que vous avez de votre entreprise, qui capitaliste sur les acquis et les comp\u00e9tences de votre \u00e9quipe et vous donne des outils n\u00e9cessaires pour atteindre vos objectifs.<\/p><p><strong>We're here to help you <\/strong><\/p><p><em>Putting in place a solid strategy<\/em><\/p><p>Analyser les environnements d\u2019affaires, ainsi que l&#8217;environnement concurrentiel, et mettre en place un mod\u00e8le d\u2019affaires qui tient compte de votre besoin.<\/p><p><em>Create a relevant action plan <\/em><\/p><p>Identify and prioritize the strategies and solutions needed to realize your vision.<\/p><h5>Corporate culture training<\/h5><p>La culture d&#8217;entreprise est au c\u0153ur du succ\u00e8s ou de l&#8217;\u00e9chec d&#8217;une entreprise. La compr\u00e9hension de l&#8217;environnement culturel et social ainsi que le \u00ab Mindset \u00bb des entrepreneurs et le milieu d&#8217;affaires africains est en soi un gage de succ\u00e8s.<\/p><p>VGO Prime trains North American companies in \"African management\" to equip them for the African market. Western management methods in Africa do not necessarily improve the performance of African companies.<\/p><p>La persistance souvent av\u00e9r\u00e9e ou non d&#8217;une tension entre la culture africaine et les m\u00e9thodes de gestion occidentale contribue \u00e0 l&#8217;\u00e9chec de certaines entreprises occidentales. Le management africain propose des m\u00e9thodes de gestion adapt\u00e9es aux sp\u00e9cificit\u00e9s de la culture africaine et constitue un levier sur lequel les entreprises nord-am\u00e9ricaines peuvent s&#8217;appuyer pour percer le march\u00e9 africain francophone en pleine croissance.<\/p><h5>Opportunit\u00e9 d&#8217;affaires<\/h5><p>Performance and growth prospects in French-speaking Africa present a number of business opportunities. The diversification of business relationships for North American companies may well involve the emerging markets of French-speaking Africa.<\/p><p>VGO PRIME offers its expertise in identifying potential opportunities for North American companies, taking into account high-potential countries and those with economic development potential.<\/p><h5>Market research<\/h5><p>En Afrique francophone, les contrats octroy\u00e9s par des organisations publiques repr\u00e9sentent des milliards FCFA chaque ann\u00e9e. Qu\u2019il s\u2019agisse de minist\u00e8res, d\u2019organismes publics, de soci\u00e9t\u00e9s d\u2019\u00c9tat ou encore de municipalit\u00e9s, ceux-ci ach\u00e8tent des biens et des services aux entreprises pour r\u00e9pondre \u00e0 leurs besoins et remplir leur mission aupr\u00e8s de la population. Les entreprises africaines qui postulent pour ces march\u00e9s peuvent s&#8217;allier \u00e0 des partenaires d&#8217;affaires nord-am\u00e9ricains. VGO PRIME permet de faire la connexion d&#8217;affaire entre les entreprises locales en qu\u00eate de partenariats avec les entreprises nord-am\u00e9ricaines.<\/p>\t\t\n\t<\/div>\n<\/div>\t\t<\/div>\n\t\t\t\t<\/div>\n\t\t            <\/div>\n        <\/div>\n                <div class=\"elementor-column elementor-col-33 elementor-top-column elementor-element elementor-element-3a66501\" data-id=\"3a66501\" data-element_type=\"column\">\n            <div class=\"elementor-widget-wrap elementor-element-populated\">\n                        \t\t<div class=\"elementor-element elementor-element-c0b05bc elementor-widget elementor-widget-ct_image\" data-id=\"c0b05bc\" data-element_type=\"widget\" data-widget_type=\"ct_image.default\">\n\t\t\t\t<div class=\"elementor-widget-container\">\n\t\t\t<div class=\"ct-image-single\">\r\n                        <img decoding=\"async\" width=\"1280\" height=\"1920\" src=\"https:\/\/vgoprime.com\/wp-content\/uploads\/2022\/02\/domaines.jpg\" class=\"attachment-full\" alt=\"\" \/>            <\/div>\t\t<\/div>\n\t\t\t\t<\/div>\n\t\t            <\/div>\n        <\/div>\n                            <\/div>\n        <\/section>\n        \t\t\t\t<\/div>\n\t\t\t\t\t<\/div>","protected":false},"excerpt":{"rendered":"<p>D\u00e9veloppement de partenariats \u00catre un incubateur Le partenariat est au c\u0153ur des strat\u00e9gies \u00e9conomiques des entreprises et des organismes communautaires en Afrique francophone. La mise en place d&#8217;une plateforme de cr\u00e9ation des opportunit\u00e9s de partenariat entre les entreprises nord-am\u00e9ricaines et celles de l&#8217;Afrique francophone permet de favoriser un environnement propice aux affaires. VGO PRIME se [&hellip;]<\/p>","protected":false},"author":1,"featured_media":0,"parent":0,"menu_order":0,"comment_status":"closed","ping_status":"closed","template":"","meta":{"footnotes":""},"class_list":["post-6670","page","type-page","status-publish","hentry"],"_links":{"self":[{"href":"https:\/\/vgoprime.com\/en\/wp-json\/wp\/v2\/pages\/6670","targetHints":{"allow":["GET"]}}],"collection":[{"href":"https:\/\/vgoprime.com\/en\/wp-json\/wp\/v2\/pages"}],"about":[{"href":"https:\/\/vgoprime.com\/en\/wp-json\/wp\/v2\/types\/page"}],"author":[{"embeddable":true,"href":"https:\/\/vgoprime.com\/en\/wp-json\/wp\/v2\/users\/1"}],"replies":[{"embeddable":true,"href":"https:\/\/vgoprime.com\/en\/wp-json\/wp\/v2\/comments?post=6670"}],"version-history":[{"count":14,"href":"https:\/\/vgoprime.com\/en\/wp-json\/wp\/v2\/pages\/6670\/revisions"}],"predecessor-version":[{"id":6781,"href":"https:\/\/vgoprime.com\/en\/wp-json\/wp\/v2\/pages\/6670\/revisions\/6781"}],"wp:attachment":[{"href":"https:\/\/vgoprime.com\/en\/wp-json\/wp\/v2\/media?parent=6670"}],"curies":[{"name":"wp","href":"https:\/\/api.w.org\/{rel}","templated":true}]}}