{"id":6914,"date":"2022-03-05T02:17:06","date_gmt":"2022-03-05T02:17:06","guid":{"rendered":"https:\/\/vgoprime.com\/?page_id=6914"},"modified":"2022-03-05T02:31:24","modified_gmt":"2022-03-05T02:31:24","slug":"ingenierie-environnementale","status":"publish","type":"page","link":"https:\/\/vgoprime.com\/en\/ingenierie-environnementale\/","title":{"rendered":"ENVIRONMENT ENGINEERING"},"content":{"rendered":"<div data-elementor-type=\"wp-page\" data-elementor-id=\"6914\" class=\"elementor elementor-6914\" data-elementor-settings=\"[]\">\n\t\t\t\t\t\t\t<div class=\"elementor-section-wrap\">\n\t\t\t\t\t        <section class=\"elementor-section elementor-top-section elementor-element elementor-element-145bae1 elementor-section-boxed elementor-section-height-default elementor-section-height-default\" data-id=\"145bae1\" data-element_type=\"section\">\n            \n                        <div class=\"elementor-container elementor-column-gap-wider\">\n                    <div class=\"elementor-column elementor-col-66 elementor-top-column elementor-element elementor-element-1b5b18d\" data-id=\"1b5b18d\" data-element_type=\"column\">\n            <div class=\"elementor-widget-wrap elementor-element-populated\">\n                        \t\t<div class=\"elementor-element elementor-element-e7cc57f elementor-widget elementor-widget-ct_text_editor\" data-id=\"e7cc57f\" data-element_type=\"widget\" data-widget_type=\"ct_text_editor.default\">\n\t\t\t\t<div class=\"elementor-widget-container\">\n\t\t\t<div id=\"ct_text_editor-e7cc57f\" class=\"ct-text-editor\" data-wow-delay=\"ms\">\n\t<div class=\"ct-inline-css\"  data-css=\"        \t\t\">\n\n    <\/div>\n\t<div class=\"ct-text-editor elementor-clearfix\">\n\t\t<h5>Environmental engineering<\/h5><p>Le p\u00e9ril environnemental qui guette l&#8217;humanit\u00e9 am\u00e8ne \u00e0 questionner nos pratiques, nos mod\u00e8les \u00e9conomiques de d\u00e9veloppement, nos choix politiques et d\u00e9cisionnels. Ce p\u00e9ril impacte n\u00e9gativement ou positivement notre vie. L&#8217;ing\u00e9nierie environnementale constitue un outil solide d&#8217;\u00e9valuation de l&#8217;action anthropique sur son milieu.<\/p><p>L&#8217;ing\u00e9nierie environnementale, branche de l&#8217;ing\u00e9nierie, a pour objectif d&#8217;\u00e9tudier les probl\u00e8mes de la plan\u00e8te dans une perspective scientifique globale et int\u00e9gr\u00e9e. Dans cette perspective, l&#8217;ing\u00e9nierie environnementale contribue, \u00e0 travers la conservation et la pr\u00e9servation des ressources naturelles, \u00e0 garantir une meilleure qualit\u00e9 de vie pour la g\u00e9n\u00e9ration actuelle et pour les g\u00e9n\u00e9rations futures. Elle est en soi l&#8217;un des piliers du d\u00e9veloppement durable.<\/p><p>Les risques environnementaux sont inh\u00e9rents aux activit\u00e9s humaines. Cette situation place les \u00c9tats, les d\u00e9cideurs, les pouvoirs publics, les industriels, les individus face \u00e0 un double d\u00e9fi : comment satisfaire les besoins fondamentaux tout en pr\u00e9servant l\u2019environnement ? C\u2019est pourquoi chez VGO Prime le diagnostic environnemental est un outil primordial permettant de traiter les facteurs environnementaux avec le plus haut degr\u00e9 d\u2019exigence et de proposer des solutions innovantes susceptibles d&#8217;att\u00e9nuer les impacts.<\/p><p>VGO Prime se donne pour mission d&#8217;identifier, de reconna\u00eetre, d&#8217;interpr\u00e9ter et de diagnostiquer les impacts n\u00e9gatifs et positifs et proposer des solutions int\u00e9gr\u00e9es en tenant compte des lois environnementales en vigueur et des besoins des partenaires.<\/p><p>Les principes d\u2019action de VGO Prime s&#8217;appuient sur la n\u00e9cessit\u00e9 de pr\u00e9server l\u2019environnement en s&#8217;appuyant sur l&#8217;innovation et les technologies innovantes. Il s&#8217;agit de mettre \u00e0 la disposition des partenaires de nouveaux outils, de nouvelles technologies et pratiques susceptibles d&#8217;att\u00e9nuer ou du moins impacter positivement l&#8217;action de l&#8217;homme sur son milieu de vie en tenant compte de quatre grands axes:<\/p><ul><li>Traitement et gestion des d\u00e9chets : renforcer la capacit\u00e9 d&#8217;assainissement des \u00c9tats, des grandes villes, des municipalit\u00e9s et des communaut\u00e9s locales.<\/li><li>Air and pollution: preserving health and ecosystems, anticipating and acting on the various determinants.<\/li><li>Water: preserving the quality and quantity of a vital resource.<\/li><li>La biodiversit\u00e9 : apporter une r\u00e9ponse adapt\u00e9e \u00e0 chaque milieu naturel et s&#8217;assurer d&#8217;un \u00e9quilibre vital entre la flore et la faune.<\/li><\/ul><p><strong>With VGO PRIME, dare to change for a cleaner environment<\/strong><\/p>\t\t\n\t<\/div>\n<\/div>\t\t<\/div>\n\t\t\t\t<\/div>\n\t\t            <\/div>\n        <\/div>\n                <div class=\"elementor-column elementor-col-33 elementor-top-column elementor-element elementor-element-910f333\" data-id=\"910f333\" data-element_type=\"column\">\n            <div class=\"elementor-widget-wrap elementor-element-populated\">\n                        \t\t<div class=\"elementor-element elementor-element-824c52d elementor-widget elementor-widget-ct_image\" data-id=\"824c52d\" data-element_type=\"widget\" data-widget_type=\"ct_image.default\">\n\t\t\t\t<div class=\"elementor-widget-container\">\n\t\t\t<div class=\"ct-image-single\">\r\n                        <img decoding=\"async\" width=\"800\" height=\"1600\" src=\"https:\/\/vgoprime.com\/wp-content\/uploads\/2022\/03\/environ.jpg\" class=\"attachment-full\" alt=\"\" \/>            <\/div>\t\t<\/div>\n\t\t\t\t<\/div>\n\t\t            <\/div>\n        <\/div>\n                            <\/div>\n        <\/section>\n        \t\t\t\t<\/div>\n\t\t\t\t\t<\/div>","protected":false},"excerpt":{"rendered":"<p>Ing\u00e9nierie environnementale Le p\u00e9ril environnemental qui guette l&rsquo;humanit\u00e9 am\u00e8ne \u00e0 questionner nos pratiques, nos mod\u00e8les \u00e9conomiques de d\u00e9veloppement, nos choix politiques et d\u00e9cisionnels. Ce p\u00e9ril impacte n\u00e9gativement ou positivement notre vie. L&rsquo;ing\u00e9nierie environnementale constitue un outil solide d&rsquo;\u00e9valuation de l&rsquo;action anthropique sur son milieu. L&rsquo;ing\u00e9nierie environnementale, branche de l&rsquo;ing\u00e9nierie, a pour objectif d&rsquo;\u00e9tudier les probl\u00e8mes [&hellip;]<\/p>","protected":false},"author":1,"featured_media":0,"parent":0,"menu_order":0,"comment_status":"closed","ping_status":"closed","template":"elementor_header_footer","meta":{"footnotes":""},"class_list":["post-6914","page","type-page","status-publish","hentry"],"_links":{"self":[{"href":"https:\/\/vgoprime.com\/en\/wp-json\/wp\/v2\/pages\/6914","targetHints":{"allow":["GET"]}}],"collection":[{"href":"https:\/\/vgoprime.com\/en\/wp-json\/wp\/v2\/pages"}],"about":[{"href":"https:\/\/vgoprime.com\/en\/wp-json\/wp\/v2\/types\/page"}],"author":[{"embeddable":true,"href":"https:\/\/vgoprime.com\/en\/wp-json\/wp\/v2\/users\/1"}],"replies":[{"embeddable":true,"href":"https:\/\/vgoprime.com\/en\/wp-json\/wp\/v2\/comments?post=6914"}],"version-history":[{"count":10,"href":"https:\/\/vgoprime.com\/en\/wp-json\/wp\/v2\/pages\/6914\/revisions"}],"predecessor-version":[{"id":6929,"href":"https:\/\/vgoprime.com\/en\/wp-json\/wp\/v2\/pages\/6914\/revisions\/6929"}],"wp:attachment":[{"href":"https:\/\/vgoprime.com\/en\/wp-json\/wp\/v2\/media?parent=6914"}],"curies":[{"name":"wp","href":"https:\/\/api.w.org\/{rel}","templated":true}]}}